{"id":35,"date":"2024-03-14T11:22:00","date_gmt":"2024-03-14T11:22:00","guid":{"rendered":"https:\/\/remember.patonesfestival.com\/index.php\/home\/"},"modified":"2025-04-21T08:58:04","modified_gmt":"2025-04-21T08:58:04","slug":"home","status":"publish","type":"page","link":"https:\/\/remember.patonesfestival.com\/","title":{"rendered":"Home"},"content":{"rendered":"\t\t<div data-elementor-type=\"wp-page\" data-elementor-id=\"35\" class=\"elementor elementor-35\">\n\t\t\t\t<div class=\"elementor-element elementor-element-fcb3371 e-flex e-con-boxed e-con e-parent\" data-id=\"fcb3371\" data-element_type=\"container\">\n\t\t\t\t\t<div class=\"e-con-inner\">\n\t\t\t\t\t<\/div>\n\t\t\t\t<\/div>\n\t\t<div class=\"elementor-element elementor-element-079a042 e-flex e-con-boxed e-con e-parent\" data-id=\"079a042\" data-element_type=\"container\">\n\t\t\t\t\t<div class=\"e-con-inner\">\n\t\t\t\t<div class=\"elementor-element elementor-element-149b6dd elementor-widget elementor-widget-heading\" data-id=\"149b6dd\" data-element_type=\"widget\" data-widget_type=\"heading.default\">\n\t\t\t\t<div class=\"elementor-widget-container\">\n\t\t\t\t\t<h2 class=\"elementor-heading-title elementor-size-default\">PATONES REMEMBER FESTIVAL IV EDICI\u00d3N<\/h2>\t\t\t\t<\/div>\n\t\t\t\t<\/div>\n\t\t\t\t<div class=\"elementor-element elementor-element-9729701 elementor-widget elementor-widget-html\" data-id=\"9729701\" data-element_type=\"widget\" data-widget_type=\"html.default\">\n\t\t\t\t<div class=\"elementor-widget-container\">\n\t\t\t\t\t<script src=\"https:\/\/www.fourvenues.com\/assets\/iframe\/entraysal\/OICZ\"><\/script>\t\t\t\t<\/div>\n\t\t\t\t<\/div>\n\t\t\t\t\t<\/div>\n\t\t\t\t<\/div>\n\t\t<div class=\"elementor-element elementor-element-bf14149 e-flex e-con-boxed e-con e-parent\" data-id=\"bf14149\" data-element_type=\"container\">\n\t\t\t\t\t<div class=\"e-con-inner\">\n\t\t\t\t<div class=\"elementor-element elementor-element-f843075 elementor-widget elementor-widget-heading\" data-id=\"f843075\" data-element_type=\"widget\" data-widget_type=\"heading.default\">\n\t\t\t\t<div class=\"elementor-widget-container\">\n\t\t\t\t\t<h2 class=\"elementor-heading-title elementor-size-default\">ARTISTAS CONFIRMADOS:<\/h2>\t\t\t\t<\/div>\n\t\t\t\t<\/div>\n\t\t\t\t\t<\/div>\n\t\t\t\t<\/div>\n\t\t<div class=\"elementor-element elementor-element-42fb3fc e-grid e-con-boxed e-con e-parent\" data-id=\"42fb3fc\" data-element_type=\"container\">\n\t\t\t\t\t<div class=\"e-con-inner\">\n\t\t\t\t<div class=\"elementor-element elementor-element-0ee9c1d elementor-widget elementor-widget-image\" data-id=\"0ee9c1d\" data-element_type=\"widget\" data-widget_type=\"image.default\">\n\t\t\t\t<div class=\"elementor-widget-container\">\n\t\t\t\t\t\t\t\t\t\t\t\t\t\t\t<img fetchpriority=\"high\" decoding=\"async\" width=\"800\" height=\"800\" src=\"https:\/\/remember.patonesfestival.com\/wp-content\/uploads\/2025\/04\/atkfeed2025-copia-1024x1024.jpg\" class=\"attachment-large size-large wp-image-130\" alt=\"\" srcset=\"https:\/\/remember.patonesfestival.com\/wp-content\/uploads\/2025\/04\/atkfeed2025-copia-1024x1024.jpg 1024w, https:\/\/remember.patonesfestival.com\/wp-content\/uploads\/2025\/04\/atkfeed2025-copia-300x300.jpg 300w, https:\/\/remember.patonesfestival.com\/wp-content\/uploads\/2025\/04\/atkfeed2025-copia-150x150.jpg 150w, https:\/\/remember.patonesfestival.com\/wp-content\/uploads\/2025\/04\/atkfeed2025-copia-768x768.jpg 768w, https:\/\/remember.patonesfestival.com\/wp-content\/uploads\/2025\/04\/atkfeed2025-copia.jpg 1080w\" sizes=\"(max-width: 800px) 100vw, 800px\" \/>\t\t\t\t\t\t\t\t\t\t\t\t\t\t\t<\/div>\n\t\t\t\t<\/div>\n\t\t\t\t<div class=\"elementor-element elementor-element-1f17d4d elementor-widget elementor-widget-image\" data-id=\"1f17d4d\" data-element_type=\"widget\" data-widget_type=\"image.default\">\n\t\t\t\t<div class=\"elementor-widget-container\">\n\t\t\t\t\t\t\t\t\t\t\t\t\t\t\t<img decoding=\"async\" width=\"800\" height=\"800\" src=\"https:\/\/remember.patonesfestival.com\/wp-content\/uploads\/2025\/04\/christianmillanfeed2025-copia-1024x1024.jpg\" class=\"attachment-large size-large wp-image-131\" alt=\"\" srcset=\"https:\/\/remember.patonesfestival.com\/wp-content\/uploads\/2025\/04\/christianmillanfeed2025-copia-1024x1024.jpg 1024w, https:\/\/remember.patonesfestival.com\/wp-content\/uploads\/2025\/04\/christianmillanfeed2025-copia-300x300.jpg 300w, https:\/\/remember.patonesfestival.com\/wp-content\/uploads\/2025\/04\/christianmillanfeed2025-copia-150x150.jpg 150w, https:\/\/remember.patonesfestival.com\/wp-content\/uploads\/2025\/04\/christianmillanfeed2025-copia-768x768.jpg 768w, https:\/\/remember.patonesfestival.com\/wp-content\/uploads\/2025\/04\/christianmillanfeed2025-copia.jpg 1080w\" sizes=\"(max-width: 800px) 100vw, 800px\" \/>\t\t\t\t\t\t\t\t\t\t\t\t\t\t\t<\/div>\n\t\t\t\t<\/div>\n\t\t\t\t<div class=\"elementor-element elementor-element-731d45e elementor-widget elementor-widget-image\" data-id=\"731d45e\" data-element_type=\"widget\" data-widget_type=\"image.default\">\n\t\t\t\t<div class=\"elementor-widget-container\">\n\t\t\t\t\t\t\t\t\t\t\t\t\t\t\t<img decoding=\"async\" width=\"800\" height=\"800\" src=\"https:\/\/remember.patonesfestival.com\/wp-content\/uploads\/2025\/04\/jesus-copia-1024x1024.jpg\" class=\"attachment-large size-large wp-image-132\" alt=\"\" srcset=\"https:\/\/remember.patonesfestival.com\/wp-content\/uploads\/2025\/04\/jesus-copia-1024x1024.jpg 1024w, https:\/\/remember.patonesfestival.com\/wp-content\/uploads\/2025\/04\/jesus-copia-300x300.jpg 300w, https:\/\/remember.patonesfestival.com\/wp-content\/uploads\/2025\/04\/jesus-copia-150x150.jpg 150w, https:\/\/remember.patonesfestival.com\/wp-content\/uploads\/2025\/04\/jesus-copia-768x768.jpg 768w, https:\/\/remember.patonesfestival.com\/wp-content\/uploads\/2025\/04\/jesus-copia.jpg 1080w\" sizes=\"(max-width: 800px) 100vw, 800px\" \/>\t\t\t\t\t\t\t\t\t\t\t\t\t\t\t<\/div>\n\t\t\t\t<\/div>\n\t\t\t\t<div class=\"elementor-element elementor-element-7d00d59 elementor-widget elementor-widget-image\" data-id=\"7d00d59\" data-element_type=\"widget\" data-widget_type=\"image.default\">\n\t\t\t\t<div class=\"elementor-widget-container\">\n\t\t\t\t\t\t\t\t\t\t\t\t\t\t\t<img loading=\"lazy\" decoding=\"async\" width=\"800\" height=\"800\" src=\"https:\/\/remember.patonesfestival.com\/wp-content\/uploads\/2025\/04\/marta-copia-1024x1024.jpg\" class=\"attachment-large size-large wp-image-133\" alt=\"\" srcset=\"https:\/\/remember.patonesfestival.com\/wp-content\/uploads\/2025\/04\/marta-copia-1024x1024.jpg 1024w, https:\/\/remember.patonesfestival.com\/wp-content\/uploads\/2025\/04\/marta-copia-300x300.jpg 300w, https:\/\/remember.patonesfestival.com\/wp-content\/uploads\/2025\/04\/marta-copia-150x150.jpg 150w, https:\/\/remember.patonesfestival.com\/wp-content\/uploads\/2025\/04\/marta-copia-768x768.jpg 768w, https:\/\/remember.patonesfestival.com\/wp-content\/uploads\/2025\/04\/marta-copia.jpg 1080w\" sizes=\"(max-width: 800px) 100vw, 800px\" \/>\t\t\t\t\t\t\t\t\t\t\t\t\t\t\t<\/div>\n\t\t\t\t<\/div>\n\t\t\t\t<div class=\"elementor-element elementor-element-6b7c78a elementor-widget elementor-widget-image\" data-id=\"6b7c78a\" data-element_type=\"widget\" data-widget_type=\"image.default\">\n\t\t\t\t<div class=\"elementor-widget-container\">\n\t\t\t\t\t\t\t\t\t\t\t\t\t\t\t<img loading=\"lazy\" decoding=\"async\" width=\"800\" height=\"800\" src=\"https:\/\/remember.patonesfestival.com\/wp-content\/uploads\/2025\/04\/neil-copia-1024x1024.jpg\" class=\"attachment-large size-large wp-image-134\" alt=\"\" srcset=\"https:\/\/remember.patonesfestival.com\/wp-content\/uploads\/2025\/04\/neil-copia-1024x1024.jpg 1024w, https:\/\/remember.patonesfestival.com\/wp-content\/uploads\/2025\/04\/neil-copia-300x300.jpg 300w, https:\/\/remember.patonesfestival.com\/wp-content\/uploads\/2025\/04\/neil-copia-150x150.jpg 150w, https:\/\/remember.patonesfestival.com\/wp-content\/uploads\/2025\/04\/neil-copia-768x768.jpg 768w, https:\/\/remember.patonesfestival.com\/wp-content\/uploads\/2025\/04\/neil-copia.jpg 1080w\" sizes=\"(max-width: 800px) 100vw, 800px\" \/>\t\t\t\t\t\t\t\t\t\t\t\t\t\t\t<\/div>\n\t\t\t\t<\/div>\n\t\t\t\t<div class=\"elementor-element elementor-element-9c3f19f elementor-widget elementor-widget-image\" data-id=\"9c3f19f\" data-element_type=\"widget\" data-widget_type=\"image.default\">\n\t\t\t\t<div class=\"elementor-widget-container\">\n\t\t\t\t\t\t\t\t\t\t\t\t\t\t\t<img loading=\"lazy\" decoding=\"async\" width=\"800\" height=\"800\" src=\"https:\/\/remember.patonesfestival.com\/wp-content\/uploads\/2025\/04\/vicente-copia-1024x1024.jpg\" class=\"attachment-large size-large wp-image-135\" alt=\"\" srcset=\"https:\/\/remember.patonesfestival.com\/wp-content\/uploads\/2025\/04\/vicente-copia-1024x1024.jpg 1024w, https:\/\/remember.patonesfestival.com\/wp-content\/uploads\/2025\/04\/vicente-copia-300x300.jpg 300w, https:\/\/remember.patonesfestival.com\/wp-content\/uploads\/2025\/04\/vicente-copia-150x150.jpg 150w, https:\/\/remember.patonesfestival.com\/wp-content\/uploads\/2025\/04\/vicente-copia-768x768.jpg 768w, https:\/\/remember.patonesfestival.com\/wp-content\/uploads\/2025\/04\/vicente-copia.jpg 1080w\" sizes=\"(max-width: 800px) 100vw, 800px\" \/>\t\t\t\t\t\t\t\t\t\t\t\t\t\t\t<\/div>\n\t\t\t\t<\/div>\n\t\t\t\t\t<\/div>\n\t\t\t\t<\/div>\n\t\t<div class=\"elementor-element elementor-element-4c3cac6b e-flex e-con-boxed e-con e-parent\" data-id=\"4c3cac6b\" data-element_type=\"container\">\n\t\t\t\t\t<div class=\"e-con-inner\">\n\t\t<div class=\"elementor-element elementor-element-34530233 e-con-full e-flex e-con e-child\" data-id=\"34530233\" data-element_type=\"container\" data-settings=\"{&quot;background_background&quot;:&quot;classic&quot;}\">\n\t\t\t\t<div class=\"elementor-element elementor-element-5461073 elementor-widget elementor-widget-image\" data-id=\"5461073\" data-element_type=\"widget\" data-widget_type=\"image.default\">\n\t\t\t\t<div class=\"elementor-widget-container\">\n\t\t\t\t\t\t\t\t\t\t\t\t\t\t\t<img loading=\"lazy\" decoding=\"async\" width=\"800\" height=\"800\" src=\"https:\/\/remember.patonesfestival.com\/wp-content\/uploads\/2025\/02\/PATONESREMEMBER2025-copia-1024x1024.jpg\" class=\"attachment-large size-large wp-image-118\" alt=\"\" srcset=\"https:\/\/remember.patonesfestival.com\/wp-content\/uploads\/2025\/02\/PATONESREMEMBER2025-copia-1024x1024.jpg 1024w, https:\/\/remember.patonesfestival.com\/wp-content\/uploads\/2025\/02\/PATONESREMEMBER2025-copia-300x300.jpg 300w, https:\/\/remember.patonesfestival.com\/wp-content\/uploads\/2025\/02\/PATONESREMEMBER2025-copia-150x150.jpg 150w, https:\/\/remember.patonesfestival.com\/wp-content\/uploads\/2025\/02\/PATONESREMEMBER2025-copia-768x768.jpg 768w, https:\/\/remember.patonesfestival.com\/wp-content\/uploads\/2025\/02\/PATONESREMEMBER2025-copia-1536x1536.jpg 1536w, https:\/\/remember.patonesfestival.com\/wp-content\/uploads\/2025\/02\/PATONESREMEMBER2025-copia.jpg 2000w\" sizes=\"(max-width: 800px) 100vw, 800px\" \/>\t\t\t\t\t\t\t\t\t\t\t\t\t\t\t<\/div>\n\t\t\t\t<\/div>\n\t\t\t\t<\/div>\n\t\t<div class=\"elementor-element elementor-element-38737bf9 e-con-full e-flex e-con e-child\" data-id=\"38737bf9\" data-element_type=\"container\">\n\t\t\t\t<div class=\"elementor-element elementor-element-4fa4a666 elementor-widget elementor-widget-heading\" data-id=\"4fa4a666\" data-element_type=\"widget\" data-widget_type=\"heading.default\">\n\t\t\t\t<div class=\"elementor-widget-container\">\n\t\t\t\t\t<h2 class=\"elementor-heading-title elementor-size-default\">Patones Remember<\/h2>\t\t\t\t<\/div>\n\t\t\t\t<\/div>\n\t\t\t\t<div class=\"elementor-element elementor-element-3c6d226 elementor-widget elementor-widget-text-editor\" data-id=\"3c6d226\" data-element_type=\"widget\" data-widget_type=\"text-editor.default\">\n\t\t\t\t<div class=\"elementor-widget-container\">\n\t\t\t\t\t\t\t\t\t<p>Olv\u00eddate de invitaciones, colas y m\u00e1s problemas.\u00a0<br \/>Reserva YA tu espacio VIP para vivir la experiencia <b>Patones Festival<\/b> a otro nivel.<br \/>Nuestros reservados incluyen:<br \/>1 botella, 5 personas, 10 refrescos y acceso sin colas<br \/>Tendr\u00e1s tu zona para relajarte y disfrutar de la m\u00fasica.<br \/>\u00bf A qu\u00e9 esperas ?<\/p>\t\t\t\t\t\t\t\t<\/div>\n\t\t\t\t<\/div>\n\t\t\t\t<div class=\"elementor-element elementor-element-177f164e elementor-mobile-align-center elementor-tablet-align-center elementor-invisible elementor-widget elementor-widget-button\" data-id=\"177f164e\" data-element_type=\"widget\" data-settings=\"{&quot;_animation&quot;:&quot;fadeIn&quot;}\" data-widget_type=\"button.default\">\n\t\t\t\t<div class=\"elementor-widget-container\">\n\t\t\t\t\t\t\t\t\t<div class=\"elementor-button-wrapper\">\n\t\t\t\t\t<a class=\"elementor-button elementor-button-link elementor-size-sm\" href=\"https:\/\/www.fourvenues.com\/2m-group\/GYOI\">\n\t\t\t\t\t\t<span class=\"elementor-button-content-wrapper\">\n\t\t\t\t\t\t\t\t\t<span class=\"elementor-button-text\">Invitaciones y reservados<\/span>\n\t\t\t\t\t<\/span>\n\t\t\t\t\t<\/a>\n\t\t\t\t<\/div>\n\t\t\t\t\t\t\t\t<\/div>\n\t\t\t\t<\/div>\n\t\t\t\t<\/div>\n\t\t\t\t\t<\/div>\n\t\t\t\t<\/div>\n\t\t<div class=\"elementor-element elementor-element-7e349b8 e-flex e-con-boxed e-con e-parent\" data-id=\"7e349b8\" data-element_type=\"container\">\n\t\t\t\t\t<div class=\"e-con-inner\">\n\t\t\t\t<div class=\"elementor-element elementor-element-9623305 elementor-widget elementor-widget-heading\" data-id=\"9623305\" data-element_type=\"widget\" data-widget_type=\"heading.default\">\n\t\t\t\t<div class=\"elementor-widget-container\">\n\t\t\t\t\t<h2 class=\"elementor-heading-title elementor-size-default\">Lugar del evento<\/h2>\t\t\t\t<\/div>\n\t\t\t\t<\/div>\n\t\t\t\t\t<\/div>\n\t\t\t\t<\/div>\n\t\t<div class=\"elementor-element elementor-element-b7664eb e-flex e-con-boxed e-con e-parent\" data-id=\"b7664eb\" data-element_type=\"container\">\n\t\t\t\t\t<div class=\"e-con-inner\">\n\t\t\t\t<div class=\"elementor-element elementor-element-70d17aa elementor-widget elementor-widget-google_maps\" data-id=\"70d17aa\" data-element_type=\"widget\" data-widget_type=\"google_maps.default\">\n\t\t\t\t<div class=\"elementor-widget-container\">\n\t\t\t\t\t\t\t<div class=\"elementor-custom-embed\">\n\t\t\t<iframe loading=\"lazy\"\n\t\t\t\t\tsrc=\"https:\/\/maps.google.com\/maps?q=Patones&#038;t=m&#038;z=14&#038;output=embed&#038;iwloc=near\"\n\t\t\t\t\ttitle=\"Patones\"\n\t\t\t\t\taria-label=\"Patones\"\n\t\t\t><\/iframe>\n\t\t<\/div>\n\t\t\t\t\t\t<\/div>\n\t\t\t\t<\/div>\n\t\t\t\t\t<\/div>\n\t\t\t\t<\/div>\n\t\t<div class=\"elementor-element elementor-element-0ebf83a e-flex e-con-boxed e-con e-parent\" data-id=\"0ebf83a\" data-element_type=\"container\">\n\t\t\t\t\t<div class=\"e-con-inner\">\n\t\t\t\t<div class=\"elementor-element elementor-element-1fc2040 elementor-widget elementor-widget-spacer\" data-id=\"1fc2040\" data-element_type=\"widget\" data-widget_type=\"spacer.default\">\n\t\t\t\t<div class=\"elementor-widget-container\">\n\t\t\t\t\t\t\t<div class=\"elementor-spacer\">\n\t\t\t<div class=\"elementor-spacer-inner\"><\/div>\n\t\t<\/div>\n\t\t\t\t\t\t<\/div>\n\t\t\t\t<\/div>\n\t\t\t\t\t<\/div>\n\t\t\t\t<\/div>\n\t\t<div class=\"elementor-element elementor-element-4d54ab5 e-flex e-con-boxed e-con e-parent\" data-id=\"4d54ab5\" data-element_type=\"container\">\n\t\t\t\t\t<div class=\"e-con-inner\">\n\t\t\t\t<div class=\"elementor-element elementor-element-193b51e elementor-widget elementor-widget-text-editor\" data-id=\"193b51e\" data-element_type=\"widget\" data-widget_type=\"text-editor.default\">\n\t\t\t\t<div class=\"elementor-widget-container\">\n\t\t\t\t\t\t\t\t\t<p><strong>Patones Remember Festival 2025: IV Edici\u00f3n en Madrid<\/strong><\/p><p>Descubre el Patones Remember Festival, el evento gratuito m\u00e1s grande dedicado a la m\u00fasica dance en Madrid. Celebraremos nuestra IV edici\u00f3n el 20 de junio de 2025 en el hermoso pueblo de Patones. Experimenta un entorno \u00fanico con los mejores DJs que han marcado la historia del dance en los \u00faltimos 20 a\u00f1os.<\/p><p>Disfruta de acceso gratuito, zonas reservadas para grupos, bonocopas a precios retro, foodtrucks variados y merchandising exclusivo. \u00a1No te pierdas esta experiencia inolvidable!<\/p>\t\t\t\t\t\t\t\t<\/div>\n\t\t\t\t<\/div>\n\t\t\t\t\t<\/div>\n\t\t\t\t<\/div>\n\t\t\t\t<\/div>\n\t\t","protected":false},"excerpt":{"rendered":"<p>PATONES REMEMBER FESTIVAL IV EDICI\u00d3N ARTISTAS CONFIRMADOS: Patones Remember Olv\u00eddate de invitaciones, colas y m\u00e1s problemas.\u00a0Reserva YA tu espacio VIP para vivir la experiencia Patones Festival a otro nivel.Nuestros reservados incluyen:1 botella, 5 personas, 10 refrescos y acceso sin colasTendr\u00e1s tu zona para relajarte y disfrutar de la m\u00fasica.\u00bf A qu\u00e9 esperas ? Invitaciones y [&hellip;]<\/p>\n","protected":false},"author":1,"featured_media":0,"parent":0,"menu_order":0,"comment_status":"closed","ping_status":"closed","template":"elementor_header_footer","meta":{"footnotes":""},"class_list":["post-35","page","type-page","status-publish","hentry"],"_links":{"self":[{"href":"https:\/\/remember.patonesfestival.com\/index.php\/wp-json\/wp\/v2\/pages\/35","targetHints":{"allow":["GET"]}}],"collection":[{"href":"https:\/\/remember.patonesfestival.com\/index.php\/wp-json\/wp\/v2\/pages"}],"about":[{"href":"https:\/\/remember.patonesfestival.com\/index.php\/wp-json\/wp\/v2\/types\/page"}],"author":[{"embeddable":true,"href":"https:\/\/remember.patonesfestival.com\/index.php\/wp-json\/wp\/v2\/users\/1"}],"replies":[{"embeddable":true,"href":"https:\/\/remember.patonesfestival.com\/index.php\/wp-json\/wp\/v2\/comments?post=35"}],"version-history":[{"count":61,"href":"https:\/\/remember.patonesfestival.com\/index.php\/wp-json\/wp\/v2\/pages\/35\/revisions"}],"predecessor-version":[{"id":138,"href":"https:\/\/remember.patonesfestival.com\/index.php\/wp-json\/wp\/v2\/pages\/35\/revisions\/138"}],"wp:attachment":[{"href":"https:\/\/remember.patonesfestival.com\/index.php\/wp-json\/wp\/v2\/media?parent=35"}],"curies":[{"name":"wp","href":"https:\/\/api.w.org\/{rel}","templated":true}]}}